{"id":14760,"date":"2025-05-26T10:20:10","date_gmt":"2025-05-26T10:20:10","guid":{"rendered":"https:\/\/11.opapa.com.ua\/blog\/"},"modified":"2025-10-15T07:11:28","modified_gmt":"2025-10-15T07:11:28","slug":"blog","status":"publish","type":"page","link":"https:\/\/11.opapa.com.ua\/en\/blog\/","title":{"rendered":"Blog"},"content":{"rendered":"\t\t<div data-elementor-type=\"wp-page\" data-elementor-id=\"14760\" class=\"elementor elementor-14760 elementor-2551\" data-elementor-settings=\"{&quot;element_pack_global_tooltip_width&quot;:{&quot;unit&quot;:&quot;px&quot;,&quot;size&quot;:&quot;&quot;,&quot;sizes&quot;:[]},&quot;element_pack_global_tooltip_width_tablet&quot;:{&quot;unit&quot;:&quot;px&quot;,&quot;size&quot;:&quot;&quot;,&quot;sizes&quot;:[]},&quot;element_pack_global_tooltip_width_mobile&quot;:{&quot;unit&quot;:&quot;px&quot;,&quot;size&quot;:&quot;&quot;,&quot;sizes&quot;:[]},&quot;element_pack_global_tooltip_padding&quot;:{&quot;unit&quot;:&quot;px&quot;,&quot;top&quot;:&quot;&quot;,&quot;right&quot;:&quot;&quot;,&quot;bottom&quot;:&quot;&quot;,&quot;left&quot;:&quot;&quot;,&quot;isLinked&quot;:true},&quot;element_pack_global_tooltip_padding_tablet&quot;:{&quot;unit&quot;:&quot;px&quot;,&quot;top&quot;:&quot;&quot;,&quot;right&quot;:&quot;&quot;,&quot;bottom&quot;:&quot;&quot;,&quot;left&quot;:&quot;&quot;,&quot;isLinked&quot;:true},&quot;element_pack_global_tooltip_padding_mobile&quot;:{&quot;unit&quot;:&quot;px&quot;,&quot;top&quot;:&quot;&quot;,&quot;right&quot;:&quot;&quot;,&quot;bottom&quot;:&quot;&quot;,&quot;left&quot;:&quot;&quot;,&quot;isLinked&quot;:true},&quot;element_pack_global_tooltip_border_radius&quot;:{&quot;unit&quot;:&quot;px&quot;,&quot;top&quot;:&quot;&quot;,&quot;right&quot;:&quot;&quot;,&quot;bottom&quot;:&quot;&quot;,&quot;left&quot;:&quot;&quot;,&quot;isLinked&quot;:true},&quot;element_pack_global_tooltip_border_radius_tablet&quot;:{&quot;unit&quot;:&quot;px&quot;,&quot;top&quot;:&quot;&quot;,&quot;right&quot;:&quot;&quot;,&quot;bottom&quot;:&quot;&quot;,&quot;left&quot;:&quot;&quot;,&quot;isLinked&quot;:true},&quot;element_pack_global_tooltip_border_radius_mobile&quot;:{&quot;unit&quot;:&quot;px&quot;,&quot;top&quot;:&quot;&quot;,&quot;right&quot;:&quot;&quot;,&quot;bottom&quot;:&quot;&quot;,&quot;left&quot;:&quot;&quot;,&quot;isLinked&quot;:true}}\" data-elementor-post-type=\"page\">\n\t\t\t\t\t\t<div class=\"elementor-section elementor-top-section elementor-element elementor-element-4636bc6c elementor-section-boxed elementor-section-height-default elementor-section-height-default\" data-id=\"4636bc6c\" data-element_type=\"section\" data-settings=\"{&quot;background_background&quot;:&quot;gradient&quot;}\">\n\t\t\t\t\t\t<div class=\"elementor-container elementor-column-gap-no\">\n\t\t\t\t\t<div class=\"elementor-column elementor-col-100 elementor-top-column elementor-element elementor-element-e51d64b\" data-id=\"e51d64b\" data-element_type=\"column\">\n\t\t\t<div class=\"elementor-widget-wrap elementor-element-populated\">\n\t\t\t\t\t\t<div class=\"elementor-element elementor-element-5c71ed44 ui-e-apg-classic ui-e-img-anim-zoom elementor-widget elementor-widget-uicore-advanced-post-grid\" data-id=\"5c71ed44\" data-element_type=\"widget\" data-widget_type=\"uicore-advanced-post-grid.default\">\n\t\t\t\t\t            <div class=\"ui-e-adv-grid \">\n                \n                <div class=\"ui-e-post-item ui-e-item ui-e-animations-wrp  \">\n                    <article class=\"post-16191 post type-post status-publish format-standard has-post-thumbnail hentry category-knowledge-articles category-34\">\n                        <div class=\"ui-e-post-top\">\n                                    <a class=\"ui-e-post-img-wrapp\"\n            href=\"https:\/\/11.opapa.com.ua\/en\/osint-im-anwalts-alltag-rechtssicher-recherchieren-und-prozesse-strategisch-vorbereiten\/\"\n            title=\"View Post:OSINT im Anwalts Alltag: Rechtssicher recherchieren und Prozesse strategisch vorbereiten\">\n\n                            <div class=\"ui-e-post-img\" style=\"background-image:url(https:\/\/11.opapa.com.ua\/wp-content\/uploads\/2025\/06\/global-communication-1024x576.jpg)\"><\/div>\n                    <\/a>\n                                                        <\/div>\n\n                        \n                        <div class=\"ui-e-post-content\">\n\n                            <div class=\"ui-e-post-meta ui-e-before_title\"><\/div>                                    <a href=\"https:\/\/11.opapa.com.ua\/en\/osint-im-anwalts-alltag-rechtssicher-recherchieren-und-prozesse-strategisch-vorbereiten\/\" title=\"View Post:OSINT im Anwalts Alltag: Rechtssicher recherchieren und Prozesse strategisch vorbereiten\">\n            <h4 class=\"ui-e-post-title\">\n                <span> OSINT im Anwalts Alltag: Rechtssicher recherchieren und Prozesse strategisch vorbereiten <\/span>\n            <\/h4>\n        <\/a>\n                                                            <div class=\"ui-e-post-text\">Einleitung In an increasingly digital world, information is key to making informed decisions &#8211; especially in the legal field. As a German [&hellip;]<\/div>                                                                <a href=\"https:\/\/11.opapa.com.ua\/en\/osint-im-anwalts-alltag-rechtssicher-recherchieren-und-prozesse-strategisch-vorbereiten\/\" class=\"elementor-button-link elementor-button ui-e-readmore\" role=\"button\">\n            <span class=\"elementor-button-content-wrapper elementor-button-content\"><span class=\"elementor-button-icon elementor-align-icon-right\"><i aria-hidden=\"true\" class=\"ti ti-arrow-top-right\"><\/i><\/span><span class=\"elementor-button-text\">Learn more<\/span> <\/span>        <\/a>\n                                <\/div>\n                    <\/article>\n                <\/div>\n\n                \n                <div class=\"ui-e-post-item ui-e-item ui-e-animations-wrp  \">\n                    <article class=\"post-15234 post type-post status-publish format-standard has-post-thumbnail hentry category-34\">\n                        <div class=\"ui-e-post-top\">\n                                    <a class=\"ui-e-post-img-wrapp\"\n            href=\"https:\/\/11.opapa.com.ua\/en\/the-invisible-threat-ai-fraud-in-2024\/\"\n            title=\"View Post:The Invisible Threat: AI Fraud in 2024\">\n\n                            <div class=\"ui-e-post-img\" style=\"background-image:url(https:\/\/11.opapa.com.ua\/wp-content\/uploads\/2025\/09\/futuristic-control-room-with-woman-analyzing-giant-digital-face-cybernetic-interface-1-1024x574.jpg)\"><\/div>\n                    <\/a>\n                                                        <\/div>\n\n                        \n                        <div class=\"ui-e-post-content\">\n\n                            <div class=\"ui-e-post-meta ui-e-before_title\"><\/div>                                    <a href=\"https:\/\/11.opapa.com.ua\/en\/the-invisible-threat-ai-fraud-in-2024\/\" title=\"View Post:The Invisible Threat: AI Fraud in 2024\">\n            <h4 class=\"ui-e-post-title\">\n                <span> The Invisible Threat: AI Fraud in 2024 <\/span>\n            <\/h4>\n        <\/a>\n                                                            <div class=\"ui-e-post-text\">Just a few years ago, it seemed unthinkable: imitating voices and faces with deceptive realism to deceive people or entire companies. Today, [&hellip;]<\/div>                                                                <a href=\"https:\/\/11.opapa.com.ua\/en\/the-invisible-threat-ai-fraud-in-2024\/\" class=\"elementor-button-link elementor-button ui-e-readmore\" role=\"button\">\n            <span class=\"elementor-button-content-wrapper elementor-button-content\"><span class=\"elementor-button-icon elementor-align-icon-right\"><i aria-hidden=\"true\" class=\"ti ti-arrow-top-right\"><\/i><\/span><span class=\"elementor-button-text\">Learn more<\/span> <\/span>        <\/a>\n                                <\/div>\n                    <\/article>\n                <\/div>\n\n                \n                <div class=\"ui-e-post-item ui-e-item ui-e-animations-wrp  \">\n                    <article class=\"post-16187 post type-post status-publish format-standard has-post-thumbnail hentry category-cybersecurity\">\n                        <div class=\"ui-e-post-top\">\n                                    <a class=\"ui-e-post-img-wrapp\"\n            href=\"https:\/\/11.opapa.com.ua\/en\/nis2-directive-why-companies-now\/\"\n            title=\"View Post:NIS2 Directive: Why companies now\">\n\n                            <div class=\"ui-e-post-img\" style=\"background-image:url(https:\/\/11.opapa.com.ua\/wp-content\/uploads\/2025\/09\/cyber-security-data-protection-business-privacy-concept-1-1024x423.jpg)\"><\/div>\n                    <\/a>\n                                                        <\/div>\n\n                        \n                        <div class=\"ui-e-post-content\">\n\n                            <div class=\"ui-e-post-meta ui-e-before_title\"><\/div>                                    <a href=\"https:\/\/11.opapa.com.ua\/en\/nis2-directive-why-companies-now\/\" title=\"View Post:NIS2 Directive: Why companies now\">\n            <h4 class=\"ui-e-post-title\">\n                <span> NIS2 Directive: Why companies now <\/span>\n            <\/h4>\n        <\/a>\n                                                            <div class=\"ui-e-post-text\">A law that changes the rules of the game Cyber security has long been a topic for the IT department. The NIS2 [&hellip;]<\/div>                                                                <a href=\"https:\/\/11.opapa.com.ua\/en\/nis2-directive-why-companies-now\/\" class=\"elementor-button-link elementor-button ui-e-readmore\" role=\"button\">\n            <span class=\"elementor-button-content-wrapper elementor-button-content\"><span class=\"elementor-button-icon elementor-align-icon-right\"><i aria-hidden=\"true\" class=\"ti ti-arrow-top-right\"><\/i><\/span><span class=\"elementor-button-text\">Learn more<\/span> <\/span>        <\/a>\n                                <\/div>\n                    <\/article>\n                <\/div>\n\n                \n                <div class=\"ui-e-post-item ui-e-item ui-e-animations-wrp  \">\n                    <article class=\"post-16189 post type-post status-publish format-standard has-post-thumbnail hentry category-34\">\n                        <div class=\"ui-e-post-top\">\n                                    <a class=\"ui-e-post-img-wrapp\"\n            href=\"https:\/\/11.opapa.com.ua\/en\/retail-in-the-crosshairs-how-to-effectively-protect-customer-data-from-cyber-attacks\/\"\n            title=\"View Post:Retail in the crosshairs: How to effectively protect customer data from cyber attacks\">\n\n                            <div class=\"ui-e-post-img\" style=\"background-image:url(https:\/\/11.opapa.com.ua\/wp-content\/uploads\/2025\/10\/092221-1024x512.png)\"><\/div>\n                    <\/a>\n                                                        <\/div>\n\n                        \n                        <div class=\"ui-e-post-content\">\n\n                            <div class=\"ui-e-post-meta ui-e-before_title\"><\/div>                                    <a href=\"https:\/\/11.opapa.com.ua\/en\/retail-in-the-crosshairs-how-to-effectively-protect-customer-data-from-cyber-attacks\/\" title=\"View Post:Retail in the crosshairs: How to effectively protect customer data from cyber attacks\">\n            <h4 class=\"ui-e-post-title\">\n                <span> Retail in the crosshairs: How to effectively protect customer data from cyber attacks <\/span>\n            <\/h4>\n        <\/a>\n                                                            <div class=\"ui-e-post-text\">Customer data has long been at the heart of modern retail, which is precisely why it is the focus of cyber attacks. [&hellip;]<\/div>                                                                <a href=\"https:\/\/11.opapa.com.ua\/en\/retail-in-the-crosshairs-how-to-effectively-protect-customer-data-from-cyber-attacks\/\" class=\"elementor-button-link elementor-button ui-e-readmore\" role=\"button\">\n            <span class=\"elementor-button-content-wrapper elementor-button-content\"><span class=\"elementor-button-icon elementor-align-icon-right\"><i aria-hidden=\"true\" class=\"ti ti-arrow-top-right\"><\/i><\/span><span class=\"elementor-button-text\">Learn more<\/span> <\/span>        <\/a>\n                                <\/div>\n                    <\/article>\n                <\/div>\n\n                            <\/div>\n\t\t\t\t<\/div>\n\t\t\t\t\t<\/div>\n\t\t<\/div>\n\t\t\t\t\t<\/div>\n\t\t<\/div>\n\t\t\t\t<\/div>\n\t\t","protected":false},"excerpt":{"rendered":"<p>Der Einzelhandel im Fadenkreuz: Wie Sie Kundendaten wirksam vor Cyberangriffen sch\u00fctzen Kundendaten sind l\u00e4ngst das Herzst\u00fcck des modernen Handels und genau deshalb [&hellip;]<\/p>\n","protected":false},"author":1,"featured_media":9782,"parent":0,"menu_order":0,"comment_status":"closed","ping_status":"closed","template":"","meta":{"_acf_changed":false,"footnotes":""},"class_list":["post-14760","page","type-page","status-publish","has-post-thumbnail","hentry"],"acf":[],"yoast_head":"<!-- This site is optimized with the Yoast SEO Premium plugin v25.0 (Yoast SEO v26.2) - https:\/\/yoast.com\/wordpress\/plugins\/seo\/ -->\n<title>Blog - SHERIFF Security GmbH<\/title>\n<meta name=\"robots\" content=\"index, follow, max-snippet:-1, max-image-preview:large, max-video-preview:-1\" \/>\n<link rel=\"canonical\" href=\"https:\/\/11.opapa.com.ua\/en\/blog\/\" \/>\n<meta property=\"og:locale\" content=\"en_US\" \/>\n<meta property=\"og:type\" content=\"article\" \/>\n<meta property=\"og:title\" content=\"Blog\" \/>\n<meta property=\"og:description\" content=\"Der Einzelhandel im Fadenkreuz: Wie Sie Kundendaten wirksam vor Cyberangriffen sch\u00fctzen Kundendaten sind l\u00e4ngst das Herzst\u00fcck des modernen Handels und genau deshalb [&hellip;]\" \/>\n<meta property=\"og:url\" content=\"https:\/\/11.opapa.com.ua\/en\/blog\/\" \/>\n<meta property=\"og:site_name\" content=\"SHERIFF Security GmbH\" \/>\n<meta property=\"article:modified_time\" content=\"2025-10-15T07:11:28+00:00\" \/>\n<meta property=\"og:image\" content=\"https:\/\/11.opapa.com.ua\/wp-content\/uploads\/2025\/05\/\u0437\u0430\u0432\u0430\u043d\u0442\u0430\u0436\u0435\u043d\u043d\u044f-2-1.png\" \/>\n\t<meta property=\"og:image:width\" content=\"1556\" \/>\n\t<meta property=\"og:image:height\" content=\"436\" \/>\n\t<meta property=\"og:image:type\" content=\"image\/png\" \/>\n<meta name=\"twitter:card\" content=\"summary_large_image\" \/>\n<meta name=\"twitter:label1\" content=\"Est. reading time\" \/>\n\t<meta name=\"twitter:data1\" content=\"1 minute\" \/>\n<script type=\"application\/ld+json\" class=\"yoast-schema-graph\">{\"@context\":\"https:\/\/schema.org\",\"@graph\":[{\"@type\":\"WebPage\",\"@id\":\"https:\/\/11.opapa.com.ua\/en\/blog\/\",\"url\":\"https:\/\/11.opapa.com.ua\/en\/blog\/\",\"name\":\"Blog - SHERIFF Security GmbH\",\"isPartOf\":{\"@id\":\"https:\/\/11.opapa.com.ua\/en\/#website\"},\"primaryImageOfPage\":{\"@id\":\"https:\/\/11.opapa.com.ua\/en\/blog\/#primaryimage\"},\"image\":{\"@id\":\"https:\/\/11.opapa.com.ua\/en\/blog\/#primaryimage\"},\"thumbnailUrl\":\"https:\/\/11.opapa.com.ua\/wp-content\/uploads\/2025\/05\/\u0437\u0430\u0432\u0430\u043d\u0442\u0430\u0436\u0435\u043d\u043d\u044f-2-1.png\",\"datePublished\":\"2025-05-26T10:20:10+00:00\",\"dateModified\":\"2025-10-15T07:11:28+00:00\",\"breadcrumb\":{\"@id\":\"https:\/\/11.opapa.com.ua\/en\/blog\/#breadcrumb\"},\"inLanguage\":\"en-US\",\"potentialAction\":[{\"@type\":\"ReadAction\",\"target\":[\"https:\/\/11.opapa.com.ua\/en\/blog\/\"]}]},{\"@type\":\"ImageObject\",\"inLanguage\":\"en-US\",\"@id\":\"https:\/\/11.opapa.com.ua\/en\/blog\/#primaryimage\",\"url\":\"https:\/\/11.opapa.com.ua\/wp-content\/uploads\/2025\/05\/\u0437\u0430\u0432\u0430\u043d\u0442\u0430\u0436\u0435\u043d\u043d\u044f-2-1.png\",\"contentUrl\":\"https:\/\/11.opapa.com.ua\/wp-content\/uploads\/2025\/05\/\u0437\u0430\u0432\u0430\u043d\u0442\u0430\u0436\u0435\u043d\u043d\u044f-2-1.png\",\"width\":1556,\"height\":436},{\"@type\":\"BreadcrumbList\",\"@id\":\"https:\/\/11.opapa.com.ua\/en\/blog\/#breadcrumb\",\"itemListElement\":[{\"@type\":\"ListItem\",\"position\":1,\"name\":\"\u0413\u043e\u043b\u043e\u0432\u043d\u0430\",\"item\":\"https:\/\/11.opapa.com.ua\/en\/\"},{\"@type\":\"ListItem\",\"position\":2,\"name\":\"Blog\"}]},{\"@type\":\"WebSite\",\"@id\":\"https:\/\/11.opapa.com.ua\/en\/#website\",\"url\":\"https:\/\/11.opapa.com.ua\/en\/\",\"name\":\"SHERIFF Security GmbH\",\"description\":\"SHERIFF Security GmbH\",\"potentialAction\":[{\"@type\":\"SearchAction\",\"target\":{\"@type\":\"EntryPoint\",\"urlTemplate\":\"https:\/\/11.opapa.com.ua\/en\/?s={search_term_string}\"},\"query-input\":{\"@type\":\"PropertyValueSpecification\",\"valueRequired\":true,\"valueName\":\"search_term_string\"}}],\"inLanguage\":\"en-US\"}]}<\/script>\n<!-- \/ Yoast SEO Premium plugin. -->","yoast_head_json":{"title":"Blog - SHERIFF Security GmbH","robots":{"index":"index","follow":"follow","max-snippet":"max-snippet:-1","max-image-preview":"max-image-preview:large","max-video-preview":"max-video-preview:-1"},"canonical":"https:\/\/11.opapa.com.ua\/en\/blog\/","og_locale":"en_US","og_type":"article","og_title":"Blog","og_description":"Der Einzelhandel im Fadenkreuz: Wie Sie Kundendaten wirksam vor Cyberangriffen sch\u00fctzen Kundendaten sind l\u00e4ngst das Herzst\u00fcck des modernen Handels und genau deshalb [&hellip;]","og_url":"https:\/\/11.opapa.com.ua\/en\/blog\/","og_site_name":"SHERIFF Security GmbH","article_modified_time":"2025-10-15T07:11:28+00:00","og_image":[{"width":1556,"height":436,"url":"https:\/\/11.opapa.com.ua\/wp-content\/uploads\/2025\/05\/\u0437\u0430\u0432\u0430\u043d\u0442\u0430\u0436\u0435\u043d\u043d\u044f-2-1.png","type":"image\/png"}],"twitter_card":"summary_large_image","twitter_misc":{"Est. reading time":"1 minute"},"schema":{"@context":"https:\/\/schema.org","@graph":[{"@type":"WebPage","@id":"https:\/\/11.opapa.com.ua\/en\/blog\/","url":"https:\/\/11.opapa.com.ua\/en\/blog\/","name":"Blog - SHERIFF Security GmbH","isPartOf":{"@id":"https:\/\/11.opapa.com.ua\/en\/#website"},"primaryImageOfPage":{"@id":"https:\/\/11.opapa.com.ua\/en\/blog\/#primaryimage"},"image":{"@id":"https:\/\/11.opapa.com.ua\/en\/blog\/#primaryimage"},"thumbnailUrl":"https:\/\/11.opapa.com.ua\/wp-content\/uploads\/2025\/05\/\u0437\u0430\u0432\u0430\u043d\u0442\u0430\u0436\u0435\u043d\u043d\u044f-2-1.png","datePublished":"2025-05-26T10:20:10+00:00","dateModified":"2025-10-15T07:11:28+00:00","breadcrumb":{"@id":"https:\/\/11.opapa.com.ua\/en\/blog\/#breadcrumb"},"inLanguage":"en-US","potentialAction":[{"@type":"ReadAction","target":["https:\/\/11.opapa.com.ua\/en\/blog\/"]}]},{"@type":"ImageObject","inLanguage":"en-US","@id":"https:\/\/11.opapa.com.ua\/en\/blog\/#primaryimage","url":"https:\/\/11.opapa.com.ua\/wp-content\/uploads\/2025\/05\/\u0437\u0430\u0432\u0430\u043d\u0442\u0430\u0436\u0435\u043d\u043d\u044f-2-1.png","contentUrl":"https:\/\/11.opapa.com.ua\/wp-content\/uploads\/2025\/05\/\u0437\u0430\u0432\u0430\u043d\u0442\u0430\u0436\u0435\u043d\u043d\u044f-2-1.png","width":1556,"height":436},{"@type":"BreadcrumbList","@id":"https:\/\/11.opapa.com.ua\/en\/blog\/#breadcrumb","itemListElement":[{"@type":"ListItem","position":1,"name":"\u0413\u043e\u043b\u043e\u0432\u043d\u0430","item":"https:\/\/11.opapa.com.ua\/en\/"},{"@type":"ListItem","position":2,"name":"Blog"}]},{"@type":"WebSite","@id":"https:\/\/11.opapa.com.ua\/en\/#website","url":"https:\/\/11.opapa.com.ua\/en\/","name":"SHERIFF Security GmbH","description":"SHERIFF Security GmbH","potentialAction":[{"@type":"SearchAction","target":{"@type":"EntryPoint","urlTemplate":"https:\/\/11.opapa.com.ua\/en\/?s={search_term_string}"},"query-input":{"@type":"PropertyValueSpecification","valueRequired":true,"valueName":"search_term_string"}}],"inLanguage":"en-US"}]}},"_links":{"self":[{"href":"https:\/\/11.opapa.com.ua\/en\/wp-json\/wp\/v2\/pages\/14760","targetHints":{"allow":["GET"]}}],"collection":[{"href":"https:\/\/11.opapa.com.ua\/en\/wp-json\/wp\/v2\/pages"}],"about":[{"href":"https:\/\/11.opapa.com.ua\/en\/wp-json\/wp\/v2\/types\/page"}],"author":[{"embeddable":true,"href":"https:\/\/11.opapa.com.ua\/en\/wp-json\/wp\/v2\/users\/1"}],"replies":[{"embeddable":true,"href":"https:\/\/11.opapa.com.ua\/en\/wp-json\/wp\/v2\/comments?post=14760"}],"version-history":[{"count":0,"href":"https:\/\/11.opapa.com.ua\/en\/wp-json\/wp\/v2\/pages\/14760\/revisions"}],"wp:featuredmedia":[{"embeddable":true,"href":"https:\/\/11.opapa.com.ua\/en\/wp-json\/wp\/v2\/media\/9782"}],"wp:attachment":[{"href":"https:\/\/11.opapa.com.ua\/en\/wp-json\/wp\/v2\/media?parent=14760"}],"curies":[{"name":"wp","href":"https:\/\/api.w.org\/{rel}","templated":true}]}}